{"id":314,"date":"2024-11-05T16:00:53","date_gmt":"2024-11-05T16:00:53","guid":{"rendered":"https:\/\/josteiner.com\/terms-of-use\/"},"modified":"2024-12-11T17:05:49","modified_gmt":"2024-12-11T17:05:49","slug":"terms-of-use","status":"publish","type":"page","link":"https:\/\/josteiner.com\/en\/terms-of-use\/","title":{"rendered":"Terms of use"},"content":{"rendered":"\t\t<div data-elementor-type=\"wp-page\" data-elementor-id=\"314\" class=\"elementor elementor-314 elementor-142\">\n\t\t\t\t<div class=\"elementor-element elementor-element-935f9d1 e-flex e-con-boxed e-con e-parent\" data-id=\"935f9d1\" data-element_type=\"container\">\n\t\t\t\t\t<div class=\"e-con-inner\">\n\t\t\t\t<div class=\"elementor-element elementor-element-861d1ad elementor-position-right elementor-vertical-align-top elementor-widget elementor-widget-image-box\" data-id=\"861d1ad\" data-element_type=\"widget\" data-widget_type=\"image-box.default\">\n\t\t\t\t<div class=\"elementor-widget-container\">\n\t\t\t<div class=\"elementor-image-box-wrapper\"><figure class=\"elementor-image-box-img\"><img fetchpriority=\"high\" decoding=\"async\" width=\"1177\" height=\"1471\" src=\"https:\/\/josteiner.com\/wp-content\/uploads\/2024\/11\/JO-STEINER-4.png\" class=\"attachment-full size-full wp-image-277\" alt=\"\" srcset=\"https:\/\/josteiner.com\/wp-content\/uploads\/2024\/11\/JO-STEINER-4.png 1177w, https:\/\/josteiner.com\/wp-content\/uploads\/2024\/11\/JO-STEINER-4-240x300.png 240w, https:\/\/josteiner.com\/wp-content\/uploads\/2024\/11\/JO-STEINER-4-819x1024.png 819w, https:\/\/josteiner.com\/wp-content\/uploads\/2024\/11\/JO-STEINER-4-768x960.png 768w\" sizes=\"(max-width: 1177px) 100vw, 1177px\" \/><\/figure><div class=\"elementor-image-box-content\"><h3 class=\"elementor-image-box-title\"><br>Terms of use<\/h3><p class=\"elementor-image-box-description\">\n<br> You are currently connected to the \"www.josteiner.com\" website. <br><br> In accordance with article 6 of French law no. 2004-575 of June 21, 2004 on confidence in the digital economy, visitors to the \"www.josteiner.com\" site must be informed of the following information:<br>\n\n<br><b>Corporate name of the publisher and owner of the site:<\/b> <br>ARLEO SAS - Jochen Steiner<br>Address: 29 Avenue Franklin Roosevelt, 33700 M\u00c9RIGNAC, France<br>SIRET: 902 821 206 00015<br>Telephone: 07 56 86 35 00<br>Publishing Director: Jochen Steiner <br><br>\n<b>Design, conception and realization: <\/b>WordPress \/ Astra (Brainstorm Force, 2093 Philadelphia Pike, #3090, Claymont, Delaware, USA, 19703) \/ ARLEO SAS <br><br>\n<b>Hosting: <\/b>Via the website https:\/\/www.o2switch.fr published by o2switch SAS with a capital of 100 000\u20ac, RCS Clermont Ferrand, Siret : 510 909 807 00032, Si\u00e8ge social Chem. des Pardiaux, 63000 Clermont-Ferrand, Telephone 04 44 44 60 40, T\u00e9l\u00e9com Operator declared ARCEP 09\/2989 - AS50474.  <br><br>\n<b>CNIL: <\/b>exempt from declaration, in accordance with exemption no. 7 - Deliberation no. 2006-138 of May 9, 2006 granting exemption from declaration for processing operations carried out for information or external communication purposes - May 09, 2006 - J.O no. 128 of June 3, 2006 <br><br>\n<b>Personal information: <\/b>All persons have the right to access, modify, rectify and delete data concerning them (article 34 of the French Data Protection Act of January 6, 1978). To exercise this right, please contact ARLEO SAS, Jochen Steiner, 29 Avenue Franklin Roosevelt, 33700 M\u00c9RIGNAC, France. <\/p><\/div><\/div>\t\t<\/div>\n\t\t\t\t<\/div>\n\t\t\t\t\t<\/div>\n\t\t\t\t<\/div>\n\t\t\t\t<\/div>\n\t\t","protected":false},"excerpt":{"rendered":"<p>Terms of use You are currently connected to the &#8220;www.josteiner.com&#8221; website. In accordance with article 6 of French law no. [&hellip;]<\/p>\n","protected":false},"author":1,"featured_media":0,"parent":0,"menu_order":0,"comment_status":"closed","ping_status":"closed","template":"","meta":{"site-sidebar-layout":"no-sidebar","site-content-layout":"","ast-site-content-layout":"full-width-container","site-content-style":"default","site-sidebar-style":"default","ast-global-header-display":"","ast-banner-title-visibility":"","ast-main-header-display":"","ast-hfb-above-header-display":"","ast-hfb-below-header-display":"","ast-hfb-mobile-header-display":"","site-post-title":"disabled","ast-breadcrumbs-content":"","ast-featured-img":"disabled","footer-sml-layout":"","theme-transparent-header-meta":"","adv-header-id-meta":"","stick-header-meta":"","header-above-stick-meta":"","header-main-stick-meta":"","header-below-stick-meta":"","astra-migrate-meta-layouts":"default","ast-page-background-enabled":"default","ast-page-background-meta":{"desktop":{"background-color":"var(--ast-global-color-4)","background-image":"","background-repeat":"repeat","background-position":"center center","background-size":"auto","background-attachment":"scroll","background-type":"","background-media":"","overlay-type":"","overlay-color":"","overlay-opacity":"","overlay-gradient":""},"tablet":{"background-color":"","background-image":"","background-repeat":"repeat","background-position":"center center","background-size":"auto","background-attachment":"scroll","background-type":"","background-media":"","overlay-type":"","overlay-color":"","overlay-opacity":"","overlay-gradient":""},"mobile":{"background-color":"","background-image":"","background-repeat":"repeat","background-position":"center center","background-size":"auto","background-attachment":"scroll","background-type":"","background-media":"","overlay-type":"","overlay-color":"","overlay-opacity":"","overlay-gradient":""}},"ast-content-background-meta":{"desktop":{"background-color":"var(--ast-global-color-5)","background-image":"","background-repeat":"repeat","background-position":"center center","background-size":"auto","background-attachment":"scroll","background-type":"","background-media":"","overlay-type":"","overlay-color":"","overlay-opacity":"","overlay-gradient":""},"tablet":{"background-color":"var(--ast-global-color-5)","background-image":"","background-repeat":"repeat","background-position":"center center","background-size":"auto","background-attachment":"scroll","background-type":"","background-media":"","overlay-type":"","overlay-color":"","overlay-opacity":"","overlay-gradient":""},"mobile":{"background-color":"var(--ast-global-color-5)","background-image":"","background-repeat":"repeat","background-position":"center center","background-size":"auto","background-attachment":"scroll","background-type":"","background-media":"","overlay-type":"","overlay-color":"","overlay-opacity":"","overlay-gradient":""}},"_themeisle_gutenberg_block_has_review":false,"footnotes":""},"class_list":["post-314","page","type-page","status-publish","hentry"],"_links":{"self":[{"href":"https:\/\/josteiner.com\/en\/wp-json\/wp\/v2\/pages\/314","targetHints":{"allow":["GET"]}}],"collection":[{"href":"https:\/\/josteiner.com\/en\/wp-json\/wp\/v2\/pages"}],"about":[{"href":"https:\/\/josteiner.com\/en\/wp-json\/wp\/v2\/types\/page"}],"author":[{"embeddable":true,"href":"https:\/\/josteiner.com\/en\/wp-json\/wp\/v2\/users\/1"}],"replies":[{"embeddable":true,"href":"https:\/\/josteiner.com\/en\/wp-json\/wp\/v2\/comments?post=314"}],"version-history":[{"count":1,"href":"https:\/\/josteiner.com\/en\/wp-json\/wp\/v2\/pages\/314\/revisions"}],"predecessor-version":[{"id":315,"href":"https:\/\/josteiner.com\/en\/wp-json\/wp\/v2\/pages\/314\/revisions\/315"}],"wp:attachment":[{"href":"https:\/\/josteiner.com\/en\/wp-json\/wp\/v2\/media?parent=314"}],"curies":[{"name":"wp","href":"https:\/\/api.w.org\/{rel}","templated":true}]}}