{"id":116,"date":"2024-11-05T14:00:23","date_gmt":"2024-11-05T14:00:23","guid":{"rendered":"https:\/\/www.josteiner.com\/?page_id=116"},"modified":"2024-11-06T09:26:01","modified_gmt":"2024-11-06T09:26:01","slug":"mes-domaines-dintervention","status":"publish","type":"page","link":"https:\/\/josteiner.com\/fr\/mes-domaines-dintervention\/","title":{"rendered":"Mes domaines d&rsquo;intervention"},"content":{"rendered":"\t\t<div data-elementor-type=\"wp-page\" data-elementor-id=\"116\" class=\"elementor elementor-116\">\n\t\t\t\t<div class=\"elementor-element elementor-element-935f9d1 e-flex e-con-boxed e-con e-parent\" data-id=\"935f9d1\" data-element_type=\"container\">\n\t\t\t\t\t<div class=\"e-con-inner\">\n\t\t\t\t<div class=\"elementor-element elementor-element-861d1ad elementor-position-right elementor-vertical-align-top elementor-widget elementor-widget-image-box\" data-id=\"861d1ad\" data-element_type=\"widget\" data-widget_type=\"image-box.default\">\n\t\t\t\t<div class=\"elementor-widget-container\">\n\t\t\t<div class=\"elementor-image-box-wrapper\"><figure class=\"elementor-image-box-img\"><img fetchpriority=\"high\" decoding=\"async\" width=\"1177\" height=\"1471\" src=\"https:\/\/josteiner.com\/wp-content\/uploads\/2024\/11\/JO-STEINER-4.png\" class=\"attachment-full size-full wp-image-27\" alt=\"\" srcset=\"https:\/\/josteiner.com\/wp-content\/uploads\/2024\/11\/JO-STEINER-4.png 1177w, https:\/\/josteiner.com\/wp-content\/uploads\/2024\/11\/JO-STEINER-4-240x300.png 240w, https:\/\/josteiner.com\/wp-content\/uploads\/2024\/11\/JO-STEINER-4-819x1024.png 819w, https:\/\/josteiner.com\/wp-content\/uploads\/2024\/11\/JO-STEINER-4-768x960.png 768w\" sizes=\"(max-width: 1177px) 100vw, 1177px\" \/><\/figure><div class=\"elementor-image-box-content\"><h3 class=\"elementor-image-box-title\"><br>J'interviens dans le domaine commercial ou en relations de travail, dans des secteurs divers, en fran\u00e7ais, anglais ou allemand.<\/h3><p class=\"elementor-image-box-description\"><br><br><b>Commercial:<\/b>\n<br><br>\nJ\u2019ai eu l\u2019opportunit\u00e9 de mener \u00e0 bien de nombreux accords commerciaux. Mes r\u00e9alisations couvrent un large \u00e9ventail d\u2019accords: des baux commerciaux, contrats de vente, d\u2019achat ou de prestation, accords de licence, aux conventions de financement ou encore conventions entre associ\u00e9s. J\u2019ai n\u00e9goci\u00e9 aussi bien les termes commerciaux que les clauses l\u00e9gales. J'ai g\u00e9r\u00e9 les relations entre partenaires strat\u00e9giques pendant la dur\u00e9e des accords et connais l'importance du relationnel dans toute transaction ou diff\u00e9rend commercial. De plus, j\u2019\u00e9tais amen\u00e9 \u00e0 \u00e9laborer des plans d\u2019affaires, des projections \u00e9conomiques et des rapports d\u2019activit\u00e9 aux actionnaires. J'ai une conscience aigu\u00eb des enjeux \u00e9conomiques et manag\u00e9riaux des litiges commerciaux. Fort de cette exp\u00e9rience, je suis sensibilis\u00e9 aux multiples dimensions \u2013 relationnelle, \u00e9conomique, l\u00e9gale \u2013 des enjeux commerciaux et en mesure d'aider les parties \u00e0 voir au-del\u00e0 des confines de leur litige et \u00e0 trouver des solutions adapt\u00e9es et durables.<br><br>\n\n<b>Relations de travail:<\/b>\n\n<br><br>\nLes relations sociales au sein des entreprises ont \u00e9t\u00e9 un fil rouge de ma carri\u00e8re. J\u2019ai g\u00e9r\u00e9 les relations, souvent tr\u00e8s conflictuelles, des entreprises avec les syndicats et conseils d\u2019entreprise et n\u00e9goci\u00e9 de nombreuses conventions collectives. J'ai r\u00e9gl\u00e9 d'innombrables griefs syndicaux et plaintes prudhommales par la n\u00e9gociation, la m\u00e9diation ou l'arbitrage. En tant que Chef des ressources humaines, j'ai n\u00e9goci\u00e9 de nombreux contrats de travail et ententes de s\u00e9paration. Mes interventions sont bas\u00e9es sur l'imp\u00e9ratif du respect de l'autre et de son point de vue, m\u00eame quand les \u00e9motions s'emballent, et sur la recherche de l'issue que toutes les parties peuvent franchir avec dignit\u00e9. \n<br><br>\n<b>Secteurs:<\/b>\n<br><br>\nMon parcours m'a amen\u00e9 \u00e0 me familiariser avec des secteurs aussi divers que le tourisme, le transport a\u00e9rien, le d\u00e9veloppement immobilier, l\u2019\u00e9nergie durable et l\u2019investissement priv\u00e9. Bien que chaque activit\u00e9 ait ses particularit\u00e9s et sa propre culture, la dynamique des conflits est transversale : elle repose bien souvent sur des probl\u00e9matiques relationnelles. Ainsi, mon intervention peut \u00eatre efficace aussi bien dans les secteurs dans lesquels j\u2019ai \u00e9volu\u00e9 que dans ceux que j\u2019ai touch\u00e9 auxiliairement.\n<br><br>\n<b>G\u00e9ographies, cultures et langues:<\/b>\n<br><br>\nApr\u00e8s les d\u00e9buts en Allemagne, j\u2019ai men\u00e9 mon activit\u00e9 professionnelle pendant 20 ans au Canada. Bas\u00e9 en France depuis plusieurs ann\u00e9es, je continue d\u2019accompagner des entreprises et individus au Canada, en France et en Allemagne. Parfaitement trilingue (fran\u00e7ais, anglais, allemand), je sais intervenir efficacement dans les relations impliquant une ou plusieurs de ces cultures.\n<\/p><\/div><\/div>\t\t<\/div>\n\t\t\t\t<\/div>\n\t\t\t\t\t<\/div>\n\t\t\t\t<\/div>\n\t\t\t\t<\/div>\n\t\t","protected":false},"excerpt":{"rendered":"<p>J&rsquo;interviens dans le domaine commercial ou en relations de travail, dans des secteurs divers, en fran\u00e7ais, anglais ou allemand. Commercial: [&hellip;]<\/p>\n","protected":false},"author":1,"featured_media":0,"parent":0,"menu_order":0,"comment_status":"closed","ping_status":"closed","template":"","meta":{"site-sidebar-layout":"no-sidebar","site-content-layout":"","ast-site-content-layout":"full-width-container","site-content-style":"default","site-sidebar-style":"default","ast-global-header-display":"","ast-banner-title-visibility":"","ast-main-header-display":"","ast-hfb-above-header-display":"","ast-hfb-below-header-display":"","ast-hfb-mobile-header-display":"","site-post-title":"disabled","ast-breadcrumbs-content":"","ast-featured-img":"disabled","footer-sml-layout":"","theme-transparent-header-meta":"","adv-header-id-meta":"","stick-header-meta":"","header-above-stick-meta":"","header-main-stick-meta":"","header-below-stick-meta":"","astra-migrate-meta-layouts":"default","ast-page-background-enabled":"default","ast-page-background-meta":{"desktop":{"background-color":"var(--ast-global-color-4)","background-image":"","background-repeat":"repeat","background-position":"center center","background-size":"auto","background-attachment":"scroll","background-type":"","background-media":"","overlay-type":"","overlay-color":"","overlay-opacity":"","overlay-gradient":""},"tablet":{"background-color":"","background-image":"","background-repeat":"repeat","background-position":"center center","background-size":"auto","background-attachment":"scroll","background-type":"","background-media":"","overlay-type":"","overlay-color":"","overlay-opacity":"","overlay-gradient":""},"mobile":{"background-color":"","background-image":"","background-repeat":"repeat","background-position":"center center","background-size":"auto","background-attachment":"scroll","background-type":"","background-media":"","overlay-type":"","overlay-color":"","overlay-opacity":"","overlay-gradient":""}},"ast-content-background-meta":{"desktop":{"background-color":"var(--ast-global-color-5)","background-image":"","background-repeat":"repeat","background-position":"center center","background-size":"auto","background-attachment":"scroll","background-type":"","background-media":"","overlay-type":"","overlay-color":"","overlay-opacity":"","overlay-gradient":""},"tablet":{"background-color":"var(--ast-global-color-5)","background-image":"","background-repeat":"repeat","background-position":"center center","background-size":"auto","background-attachment":"scroll","background-type":"","background-media":"","overlay-type":"","overlay-color":"","overlay-opacity":"","overlay-gradient":""},"mobile":{"background-color":"var(--ast-global-color-5)","background-image":"","background-repeat":"repeat","background-position":"center center","background-size":"auto","background-attachment":"scroll","background-type":"","background-media":"","overlay-type":"","overlay-color":"","overlay-opacity":"","overlay-gradient":""}},"_themeisle_gutenberg_block_has_review":false,"footnotes":""},"class_list":["post-116","page","type-page","status-publish","hentry"],"_links":{"self":[{"href":"https:\/\/josteiner.com\/fr\/wp-json\/wp\/v2\/pages\/116","targetHints":{"allow":["GET"]}}],"collection":[{"href":"https:\/\/josteiner.com\/fr\/wp-json\/wp\/v2\/pages"}],"about":[{"href":"https:\/\/josteiner.com\/fr\/wp-json\/wp\/v2\/types\/page"}],"author":[{"embeddable":true,"href":"https:\/\/josteiner.com\/fr\/wp-json\/wp\/v2\/users\/1"}],"replies":[{"embeddable":true,"href":"https:\/\/josteiner.com\/fr\/wp-json\/wp\/v2\/comments?post=116"}],"version-history":[{"count":24,"href":"https:\/\/josteiner.com\/fr\/wp-json\/wp\/v2\/pages\/116\/revisions"}],"predecessor-version":[{"id":223,"href":"https:\/\/josteiner.com\/fr\/wp-json\/wp\/v2\/pages\/116\/revisions\/223"}],"wp:attachment":[{"href":"https:\/\/josteiner.com\/fr\/wp-json\/wp\/v2\/media?parent=116"}],"curies":[{"name":"wp","href":"https:\/\/api.w.org\/{rel}","templated":true}]}}