{"id":122,"date":"2024-11-05T13:00:12","date_gmt":"2024-11-05T13:00:12","guid":{"rendered":"https:\/\/www.josteiner.com\/?page_id=122"},"modified":"2024-11-05T22:32:49","modified_gmt":"2024-11-05T22:32:49","slug":"mes-prestations","status":"publish","type":"page","link":"https:\/\/josteiner.com\/fr\/mes-prestations\/","title":{"rendered":"Mes prestations"},"content":{"rendered":"\t\t<div data-elementor-type=\"wp-page\" data-elementor-id=\"122\" class=\"elementor elementor-122\">\n\t\t\t\t<div class=\"elementor-element elementor-element-935f9d1 e-flex e-con-boxed e-con e-parent\" data-id=\"935f9d1\" data-element_type=\"container\">\n\t\t\t\t\t<div class=\"e-con-inner\">\n\t\t\t\t<div class=\"elementor-element elementor-element-861d1ad elementor-position-right elementor-vertical-align-top elementor-widget elementor-widget-image-box\" data-id=\"861d1ad\" data-element_type=\"widget\" data-widget_type=\"image-box.default\">\n\t\t\t\t<div class=\"elementor-widget-container\">\n\t\t\t<div class=\"elementor-image-box-wrapper\"><figure class=\"elementor-image-box-img\"><img fetchpriority=\"high\" decoding=\"async\" width=\"1177\" height=\"1471\" src=\"https:\/\/josteiner.com\/wp-content\/uploads\/2024\/11\/JO-STEINER-4.png\" class=\"attachment-full size-full wp-image-27\" alt=\"\" srcset=\"https:\/\/josteiner.com\/wp-content\/uploads\/2024\/11\/JO-STEINER-4.png 1177w, https:\/\/josteiner.com\/wp-content\/uploads\/2024\/11\/JO-STEINER-4-240x300.png 240w, https:\/\/josteiner.com\/wp-content\/uploads\/2024\/11\/JO-STEINER-4-819x1024.png 819w, https:\/\/josteiner.com\/wp-content\/uploads\/2024\/11\/JO-STEINER-4-768x960.png 768w\" sizes=\"(max-width: 1177px) 100vw, 1177px\" \/><\/figure><div class=\"elementor-image-box-content\"><h3 class=\"elementor-image-box-title\"><br>En tant que m\u00e9diateur, j'interviens \u00e0 tout stade de conflit: en pr\u00e9vention des diff\u00e9rends, en recherche d'une solution commune, ou en r\u00e9gulation d'un rupture devenue in\u00e9vitable.<\/h3><p class=\"elementor-image-box-description\"><br>\nLorsque les parties se tournent vers un m\u00e9diateur, c\u2019est souvent que leur relation, toute prometteuse qu\u2019elle \u00e9tait au d\u00e9but, s\u2019est d\u00e9t\u00e9rior\u00e9e. Un conflit est apparu que les parties estiment ne pas pouvoir r\u00e9soudre sans l\u2019aide d\u2019un tiers. \n<br><br>\n\u00c0 ce stade, en tant que m\u00e9diateur, je facilite la reprise du dialogue entre les parties. Ainsi, je travaille \u00e0 d\u00e9gager les int\u00e9r\u00eats sous-tendant leur positionnement dans le conflit. Je les aide \u00e0 chercher les solutions qui r\u00e9pondent \u00e0 leurs besoins respectifs, et \u00e9ventuellement \u00e0 formaliser ces solutions dans un accord \u00e0 force obligatoire.\n<br><br>\nMais m\u00eame avant qu\u2019un conflit n\u2019apparaisse, j\u2019interviens pour aider les parties \u00e0 g\u00e9rer leur relation de fa\u00e7on constructive. En \u00e9tablissant et maintenant une communication efficace et durable, je les aide \u00e0 d\u00e9gager et mieux comprendre les besoins communs et respectifs. Je les outille \u00e0 accepter leurs diff\u00e9rences et les r\u00e9concilier avant qu\u2019elles ne d\u00e9g\u00e9n\u00e8rent en litige ou rupture.\n<br><br>\nDans la situation ou la rupture est devenue in\u00e9vitable, j\u2019offre aux parties un cadre s\u00e9curis\u00e9 pour convenir des modalit\u00e9s de leur s\u00e9paration dans le calme, le respect et la dignit\u00e9.\n<br><br>\nLors d'un entretien pr\u00e9liminaire, nous clarifions votre demande et d\u00e9cidons de la suite \u00e0 donner. La dur\u00e9e et le nombre de s\u00e9ances n\u00e9cessaires d\u00e9pendent des enjeux que vous souhaitez clarifier et de l'\u00e9tat de la relation entre les participants.\n<br><br>\nPour mes interventions via le CMAP, les tarifs sont r\u00e9gis par le <A href=\"https:\/\/www.cmap.fr\/baremes\/\" target=\"_blank\" rel=\"noopener noreferrer\">Bar\u00e8me des frais &amp; honoraires de m\u00e9diation du CMAP<\/A>. Pour toute autre m\u00e9diation conventionnelle (hors m\u00e9diation judiciaire), le montant et la r\u00e9partition des honoraires sont librement n\u00e9goci\u00e9s avec le m\u00e9diateur, en fonction de la nature du diff\u00e9rend et de l'envergure anticip\u00e9e de l'intervention. Une convention de m\u00e9diation est pr\u00e9alablement conclue \u00e0 l'engagement du processus.<\/p><\/div><\/div>\t\t<\/div>\n\t\t\t\t<\/div>\n\t\t\t\t\t<\/div>\n\t\t\t\t<\/div>\n\t\t\t\t<\/div>\n\t\t","protected":false},"excerpt":{"rendered":"<p>En tant que m\u00e9diateur, j&rsquo;interviens \u00e0 tout stade de conflit: en pr\u00e9vention des diff\u00e9rends, en recherche d&rsquo;une solution commune, ou [&hellip;]<\/p>\n","protected":false},"author":1,"featured_media":0,"parent":0,"menu_order":0,"comment_status":"closed","ping_status":"closed","template":"","meta":{"site-sidebar-layout":"no-sidebar","site-content-layout":"","ast-site-content-layout":"full-width-container","site-content-style":"default","site-sidebar-style":"default","ast-global-header-display":"","ast-banner-title-visibility":"","ast-main-header-display":"","ast-hfb-above-header-display":"","ast-hfb-below-header-display":"","ast-hfb-mobile-header-display":"","site-post-title":"disabled","ast-breadcrumbs-content":"","ast-featured-img":"disabled","footer-sml-layout":"","theme-transparent-header-meta":"","adv-header-id-meta":"","stick-header-meta":"","header-above-stick-meta":"","header-main-stick-meta":"","header-below-stick-meta":"","astra-migrate-meta-layouts":"default","ast-page-background-enabled":"default","ast-page-background-meta":{"desktop":{"background-color":"var(--ast-global-color-4)","background-image":"","background-repeat":"repeat","background-position":"center center","background-size":"auto","background-attachment":"scroll","background-type":"","background-media":"","overlay-type":"","overlay-color":"","overlay-opacity":"","overlay-gradient":""},"tablet":{"background-color":"","background-image":"","background-repeat":"repeat","background-position":"center center","background-size":"auto","background-attachment":"scroll","background-type":"","background-media":"","overlay-type":"","overlay-color":"","overlay-opacity":"","overlay-gradient":""},"mobile":{"background-color":"","background-image":"","background-repeat":"repeat","background-position":"center center","background-size":"auto","background-attachment":"scroll","background-type":"","background-media":"","overlay-type":"","overlay-color":"","overlay-opacity":"","overlay-gradient":""}},"ast-content-background-meta":{"desktop":{"background-color":"var(--ast-global-color-5)","background-image":"","background-repeat":"repeat","background-position":"center center","background-size":"auto","background-attachment":"scroll","background-type":"","background-media":"","overlay-type":"","overlay-color":"","overlay-opacity":"","overlay-gradient":""},"tablet":{"background-color":"var(--ast-global-color-5)","background-image":"","background-repeat":"repeat","background-position":"center center","background-size":"auto","background-attachment":"scroll","background-type":"","background-media":"","overlay-type":"","overlay-color":"","overlay-opacity":"","overlay-gradient":""},"mobile":{"background-color":"var(--ast-global-color-5)","background-image":"","background-repeat":"repeat","background-position":"center center","background-size":"auto","background-attachment":"scroll","background-type":"","background-media":"","overlay-type":"","overlay-color":"","overlay-opacity":"","overlay-gradient":""}},"_themeisle_gutenberg_block_has_review":false,"footnotes":""},"class_list":["post-122","page","type-page","status-publish","hentry"],"_links":{"self":[{"href":"https:\/\/josteiner.com\/fr\/wp-json\/wp\/v2\/pages\/122","targetHints":{"allow":["GET"]}}],"collection":[{"href":"https:\/\/josteiner.com\/fr\/wp-json\/wp\/v2\/pages"}],"about":[{"href":"https:\/\/josteiner.com\/fr\/wp-json\/wp\/v2\/types\/page"}],"author":[{"embeddable":true,"href":"https:\/\/josteiner.com\/fr\/wp-json\/wp\/v2\/users\/1"}],"replies":[{"embeddable":true,"href":"https:\/\/josteiner.com\/fr\/wp-json\/wp\/v2\/comments?post=122"}],"version-history":[{"count":28,"href":"https:\/\/josteiner.com\/fr\/wp-json\/wp\/v2\/pages\/122\/revisions"}],"predecessor-version":[{"id":205,"href":"https:\/\/josteiner.com\/fr\/wp-json\/wp\/v2\/pages\/122\/revisions\/205"}],"wp:attachment":[{"href":"https:\/\/josteiner.com\/fr\/wp-json\/wp\/v2\/media?parent=122"}],"curies":[{"name":"wp","href":"https:\/\/api.w.org\/{rel}","templated":true}]}}