{"id":127,"date":"2024-11-05T17:00:48","date_gmt":"2024-11-05T17:00:48","guid":{"rendered":"https:\/\/www.josteiner.com\/?page_id=127"},"modified":"2024-11-06T10:06:10","modified_gmt":"2024-11-06T10:06:10","slug":"me-joindre","status":"publish","type":"page","link":"https:\/\/josteiner.com\/fr\/me-joindre\/","title":{"rendered":"Me joindre"},"content":{"rendered":"\t\t<div data-elementor-type=\"wp-page\" data-elementor-id=\"127\" class=\"elementor elementor-127\">\n\t\t\t\t<div class=\"elementor-element elementor-element-935f9d1 e-flex e-con-boxed e-con e-parent\" data-id=\"935f9d1\" data-element_type=\"container\">\n\t\t\t\t\t<div class=\"e-con-inner\">\n\t\t\t\t<div class=\"elementor-element elementor-element-861d1ad elementor-position-right elementor-vertical-align-top elementor-widget elementor-widget-image-box\" data-id=\"861d1ad\" data-element_type=\"widget\" data-widget_type=\"image-box.default\">\n\t\t\t\t<div class=\"elementor-widget-container\">\n\t\t\t<div class=\"elementor-image-box-wrapper\"><figure class=\"elementor-image-box-img\"><img fetchpriority=\"high\" decoding=\"async\" width=\"1177\" height=\"1471\" src=\"https:\/\/josteiner.com\/wp-content\/uploads\/2024\/11\/JO-STEINER-4.png\" class=\"attachment-full size-full wp-image-27\" alt=\"\" srcset=\"https:\/\/josteiner.com\/wp-content\/uploads\/2024\/11\/JO-STEINER-4.png 1177w, https:\/\/josteiner.com\/wp-content\/uploads\/2024\/11\/JO-STEINER-4-240x300.png 240w, https:\/\/josteiner.com\/wp-content\/uploads\/2024\/11\/JO-STEINER-4-819x1024.png 819w, https:\/\/josteiner.com\/wp-content\/uploads\/2024\/11\/JO-STEINER-4-768x960.png 768w\" sizes=\"(max-width: 1177px) 100vw, 1177px\" \/><\/figure><div class=\"elementor-image-box-content\"><h3 class=\"elementor-image-box-title\"><br>Bas\u00e9 \u00e0 Bordeaux, France, je m\u00eane des m\u00e9diations en Europe et en Am\u00e9rique du Nord, en fran\u00e7ais, anglais et allemand.<\/h3><p class=\"elementor-image-box-description\"><br>Mon cabinet est situ\u00e9 au 29 Avenue Franklin Roosevelt, 33700 M\u00c9RIGNAC, France.<br><br>Je m\u00eane les m\u00e9diations hors cabinet dans un lieu neutre, convivial et calme - un lieu qui favorise la communication et la concentration, en proximit\u00e9 des participants \u00e0 la m\u00e9diation.<br><br>Je me r\u00e9jouis de votre appel au +33 7 56 86 35 00 ou d'un message \u00e0 j.steiner@arleo.ca. <br><br>J'ai h\u00e2te de faire votre connaissance.<\/p><\/div><\/div>\t\t<\/div>\n\t\t\t\t<\/div>\n\t\t\t\t\t<\/div>\n\t\t\t\t<\/div>\n\t\t\t\t<\/div>\n\t\t","protected":false},"excerpt":{"rendered":"<p>Bas\u00e9 \u00e0 Bordeaux, France, je m\u00eane des m\u00e9diations en Europe et en Am\u00e9rique du Nord, en fran\u00e7ais, anglais et allemand. [&hellip;]<\/p>\n","protected":false},"author":1,"featured_media":0,"parent":0,"menu_order":0,"comment_status":"closed","ping_status":"closed","template":"","meta":{"site-sidebar-layout":"no-sidebar","site-content-layout":"","ast-site-content-layout":"full-width-container","site-content-style":"default","site-sidebar-style":"default","ast-global-header-display":"","ast-banner-title-visibility":"","ast-main-header-display":"","ast-hfb-above-header-display":"","ast-hfb-below-header-display":"","ast-hfb-mobile-header-display":"","site-post-title":"disabled","ast-breadcrumbs-content":"","ast-featured-img":"disabled","footer-sml-layout":"","theme-transparent-header-meta":"","adv-header-id-meta":"","stick-header-meta":"","header-above-stick-meta":"","header-main-stick-meta":"","header-below-stick-meta":"","astra-migrate-meta-layouts":"default","ast-page-background-enabled":"default","ast-page-background-meta":{"desktop":{"background-color":"var(--ast-global-color-4)","background-image":"","background-repeat":"repeat","background-position":"center center","background-size":"auto","background-attachment":"scroll","background-type":"","background-media":"","overlay-type":"","overlay-color":"","overlay-opacity":"","overlay-gradient":""},"tablet":{"background-color":"","background-image":"","background-repeat":"repeat","background-position":"center center","background-size":"auto","background-attachment":"scroll","background-type":"","background-media":"","overlay-type":"","overlay-color":"","overlay-opacity":"","overlay-gradient":""},"mobile":{"background-color":"","background-image":"","background-repeat":"repeat","background-position":"center center","background-size":"auto","background-attachment":"scroll","background-type":"","background-media":"","overlay-type":"","overlay-color":"","overlay-opacity":"","overlay-gradient":""}},"ast-content-background-meta":{"desktop":{"background-color":"var(--ast-global-color-5)","background-image":"","background-repeat":"repeat","background-position":"center center","background-size":"auto","background-attachment":"scroll","background-type":"","background-media":"","overlay-type":"","overlay-color":"","overlay-opacity":"","overlay-gradient":""},"tablet":{"background-color":"var(--ast-global-color-5)","background-image":"","background-repeat":"repeat","background-position":"center center","background-size":"auto","background-attachment":"scroll","background-type":"","background-media":"","overlay-type":"","overlay-color":"","overlay-opacity":"","overlay-gradient":""},"mobile":{"background-color":"var(--ast-global-color-5)","background-image":"","background-repeat":"repeat","background-position":"center center","background-size":"auto","background-attachment":"scroll","background-type":"","background-media":"","overlay-type":"","overlay-color":"","overlay-opacity":"","overlay-gradient":""}},"_themeisle_gutenberg_block_has_review":false,"footnotes":""},"class_list":["post-127","page","type-page","status-publish","hentry"],"_links":{"self":[{"href":"https:\/\/josteiner.com\/fr\/wp-json\/wp\/v2\/pages\/127","targetHints":{"allow":["GET"]}}],"collection":[{"href":"https:\/\/josteiner.com\/fr\/wp-json\/wp\/v2\/pages"}],"about":[{"href":"https:\/\/josteiner.com\/fr\/wp-json\/wp\/v2\/types\/page"}],"author":[{"embeddable":true,"href":"https:\/\/josteiner.com\/fr\/wp-json\/wp\/v2\/users\/1"}],"replies":[{"embeddable":true,"href":"https:\/\/josteiner.com\/fr\/wp-json\/wp\/v2\/comments?post=127"}],"version-history":[{"count":16,"href":"https:\/\/josteiner.com\/fr\/wp-json\/wp\/v2\/pages\/127\/revisions"}],"predecessor-version":[{"id":246,"href":"https:\/\/josteiner.com\/fr\/wp-json\/wp\/v2\/pages\/127\/revisions\/246"}],"wp:attachment":[{"href":"https:\/\/josteiner.com\/fr\/wp-json\/wp\/v2\/media?parent=127"}],"curies":[{"name":"wp","href":"https:\/\/api.w.org\/{rel}","templated":true}]}}