{"id":142,"date":"2024-11-05T16:00:53","date_gmt":"2024-11-05T16:00:53","guid":{"rendered":"https:\/\/www.josteiner.com\/?page_id=142"},"modified":"2024-11-06T09:48:32","modified_gmt":"2024-11-06T09:48:32","slug":"mentions-legales","status":"publish","type":"page","link":"https:\/\/josteiner.com\/fr\/mentions-legales\/","title":{"rendered":"Mentions l\u00e9gales"},"content":{"rendered":"\t\t<div data-elementor-type=\"wp-page\" data-elementor-id=\"142\" class=\"elementor elementor-142\">\n\t\t\t\t<div class=\"elementor-element elementor-element-935f9d1 e-flex e-con-boxed e-con e-parent\" data-id=\"935f9d1\" data-element_type=\"container\">\n\t\t\t\t\t<div class=\"e-con-inner\">\n\t\t\t\t<div class=\"elementor-element elementor-element-861d1ad elementor-position-right elementor-vertical-align-top elementor-widget elementor-widget-image-box\" data-id=\"861d1ad\" data-element_type=\"widget\" data-widget_type=\"image-box.default\">\n\t\t\t\t<div class=\"elementor-widget-container\">\n\t\t\t<div class=\"elementor-image-box-wrapper\"><figure class=\"elementor-image-box-img\"><img fetchpriority=\"high\" decoding=\"async\" width=\"1177\" height=\"1471\" src=\"https:\/\/josteiner.com\/wp-content\/uploads\/2024\/11\/JO-STEINER-4.png\" class=\"attachment-full size-full wp-image-27\" alt=\"\" srcset=\"https:\/\/josteiner.com\/wp-content\/uploads\/2024\/11\/JO-STEINER-4.png 1177w, https:\/\/josteiner.com\/wp-content\/uploads\/2024\/11\/JO-STEINER-4-240x300.png 240w, https:\/\/josteiner.com\/wp-content\/uploads\/2024\/11\/JO-STEINER-4-819x1024.png 819w, https:\/\/josteiner.com\/wp-content\/uploads\/2024\/11\/JO-STEINER-4-768x960.png 768w\" sizes=\"(max-width: 1177px) 100vw, 1177px\" \/><\/figure><div class=\"elementor-image-box-content\"><h3 class=\"elementor-image-box-title\"><br>Mentions l\u00e9gales<\/h3><p class=\"elementor-image-box-description\">\n<br>\nVous \u00eates actuellement connect\u00e9 au site \u00ab www.josteiner.com \u00bb.\n<br><br>\nSelon l\u2019article 6 de la loi n\u00b02004-575 du 21 juin 2004 pour la confiance dans l\u2019\u00e9conomie num\u00e9rique, les visiteurs du site \u00abwww.josteiner.com \u00bb doivent \u00eatre inform\u00e9s des renseignements suivants :<br>\n\n<br><b>D\u00e9nomination sociale de l\u2019\u00e9diteur et propri\u00e9taire du site:<\/b> <br>ARLEO SAS - Jochen Steiner<br>Adresse: 29 Avenue Franklin Roosevelt, 33700 M\u00c9RIGNAC, France<br>SIRET: 902 821 206 00015<br>T\u00e9l\u00e9phone: 07 56 86 35 00<br>Directeur de publication: Jochen Steiner\n<br><br>\n<b>Design, conception et r\u00e9alisation: <\/b>WordPress \/ Astra (Brainstorm Force, 2093 Philadelphia Pike, #3090, Claymont, Delaware, USA, 19703) \/ ARLEO SAS\n<br><br>\n<b>H\u00e9bergement: <\/b>Via le site https:\/\/www.o2switch.fr \u00e9dit\u00e9 par o2switch SAS au capital de 100 000\u20ac, RCS Clermont Ferrand, Siret : 510 909 807 00032, Si\u00e8ge social Chem. des Pardiaux, 63000 Clermont-Ferrand, T\u00e9l\u00e9phone 04 44 44 60 40, Op\u00e9rateur T\u00e9l\u00e9com d\u00e9clar\u00e9 ARCEP 09\/2989 \u2013 AS50474.\n<br><br>\n<b>CNIL: <\/b>dispens\u00e9 de d\u00e9claration, conform\u00e9ment \u00e0 la dispense n\u00b07 \u2013 D\u00e9lib\u00e9ration n\u00b02006-138 du 9 mai 2006 d\u00e9cidant de la dispense de d\u00e9claration des traitements constitu\u00e9s \u00e0 des fins d\u2019information ou de communication externe \u2013 09 Mai 2006 \u2013 J.O n\u00b0 128 du 3 juin 2006\n<br><br>\n<b>Informations nominatives: <\/b>Toutes personnes disposent d\u2019un droit acc\u00e8s, de modification, de rectification et de suppression des donn\u00e9es qui la concernent (article 34 de la loi \u00ab Informatique et Libert\u00e9s \u00bb du 6 janvier 1978). Pour exercer ce droit, adressez-vous \u00e0 : ARLEO SAS, Jochen Steiner, 29 Avenue Franklin Roosevelt, 33700 M\u00c9RIGNAC, France.\n<\/p><\/div><\/div>\t\t<\/div>\n\t\t\t\t<\/div>\n\t\t\t\t\t<\/div>\n\t\t\t\t<\/div>\n\t\t\t\t<\/div>\n\t\t","protected":false},"excerpt":{"rendered":"<p>Mentions l\u00e9gales Vous \u00eates actuellement connect\u00e9 au site \u00ab www.josteiner.com \u00bb. Selon l\u2019article 6 de la loi n\u00b02004-575 du 21 [&hellip;]<\/p>\n","protected":false},"author":1,"featured_media":0,"parent":0,"menu_order":0,"comment_status":"closed","ping_status":"closed","template":"","meta":{"site-sidebar-layout":"no-sidebar","site-content-layout":"","ast-site-content-layout":"full-width-container","site-content-style":"default","site-sidebar-style":"default","ast-global-header-display":"","ast-banner-title-visibility":"","ast-main-header-display":"","ast-hfb-above-header-display":"","ast-hfb-below-header-display":"","ast-hfb-mobile-header-display":"","site-post-title":"disabled","ast-breadcrumbs-content":"","ast-featured-img":"disabled","footer-sml-layout":"","theme-transparent-header-meta":"","adv-header-id-meta":"","stick-header-meta":"","header-above-stick-meta":"","header-main-stick-meta":"","header-below-stick-meta":"","astra-migrate-meta-layouts":"default","ast-page-background-enabled":"default","ast-page-background-meta":{"desktop":{"background-color":"var(--ast-global-color-4)","background-image":"","background-repeat":"repeat","background-position":"center center","background-size":"auto","background-attachment":"scroll","background-type":"","background-media":"","overlay-type":"","overlay-color":"","overlay-opacity":"","overlay-gradient":""},"tablet":{"background-color":"","background-image":"","background-repeat":"repeat","background-position":"center center","background-size":"auto","background-attachment":"scroll","background-type":"","background-media":"","overlay-type":"","overlay-color":"","overlay-opacity":"","overlay-gradient":""},"mobile":{"background-color":"","background-image":"","background-repeat":"repeat","background-position":"center center","background-size":"auto","background-attachment":"scroll","background-type":"","background-media":"","overlay-type":"","overlay-color":"","overlay-opacity":"","overlay-gradient":""}},"ast-content-background-meta":{"desktop":{"background-color":"var(--ast-global-color-5)","background-image":"","background-repeat":"repeat","background-position":"center center","background-size":"auto","background-attachment":"scroll","background-type":"","background-media":"","overlay-type":"","overlay-color":"","overlay-opacity":"","overlay-gradient":""},"tablet":{"background-color":"var(--ast-global-color-5)","background-image":"","background-repeat":"repeat","background-position":"center center","background-size":"auto","background-attachment":"scroll","background-type":"","background-media":"","overlay-type":"","overlay-color":"","overlay-opacity":"","overlay-gradient":""},"mobile":{"background-color":"var(--ast-global-color-5)","background-image":"","background-repeat":"repeat","background-position":"center center","background-size":"auto","background-attachment":"scroll","background-type":"","background-media":"","overlay-type":"","overlay-color":"","overlay-opacity":"","overlay-gradient":""}},"_themeisle_gutenberg_block_has_review":false,"footnotes":""},"class_list":["post-142","page","type-page","status-publish","hentry"],"_links":{"self":[{"href":"https:\/\/josteiner.com\/fr\/wp-json\/wp\/v2\/pages\/142","targetHints":{"allow":["GET"]}}],"collection":[{"href":"https:\/\/josteiner.com\/fr\/wp-json\/wp\/v2\/pages"}],"about":[{"href":"https:\/\/josteiner.com\/fr\/wp-json\/wp\/v2\/types\/page"}],"author":[{"embeddable":true,"href":"https:\/\/josteiner.com\/fr\/wp-json\/wp\/v2\/users\/1"}],"replies":[{"embeddable":true,"href":"https:\/\/josteiner.com\/fr\/wp-json\/wp\/v2\/comments?post=142"}],"version-history":[{"count":13,"href":"https:\/\/josteiner.com\/fr\/wp-json\/wp\/v2\/pages\/142\/revisions"}],"predecessor-version":[{"id":235,"href":"https:\/\/josteiner.com\/fr\/wp-json\/wp\/v2\/pages\/142\/revisions\/235"}],"wp:attachment":[{"href":"https:\/\/josteiner.com\/fr\/wp-json\/wp\/v2\/media?parent=142"}],"curies":[{"name":"wp","href":"https:\/\/api.w.org\/{rel}","templated":true}]}}