{"id":83,"date":"2024-11-05T12:00:09","date_gmt":"2024-11-05T12:00:09","guid":{"rendered":"https:\/\/www.josteiner.com\/?page_id=83"},"modified":"2024-11-06T10:01:54","modified_gmt":"2024-11-06T10:01:54","slug":"accueil","status":"publish","type":"page","link":"https:\/\/josteiner.com\/fr\/","title":{"rendered":"Accueil"},"content":{"rendered":"\t\t<div data-elementor-type=\"wp-page\" data-elementor-id=\"83\" class=\"elementor elementor-83\">\n\t\t\t\t<div class=\"elementor-element elementor-element-935f9d1 e-flex e-con-boxed e-con e-parent\" data-id=\"935f9d1\" data-element_type=\"container\">\n\t\t\t\t\t<div class=\"e-con-inner\">\n\t\t\t\t<div class=\"elementor-element elementor-element-861d1ad elementor-position-right elementor-vertical-align-top elementor-widget elementor-widget-image-box\" data-id=\"861d1ad\" data-element_type=\"widget\" data-widget_type=\"image-box.default\">\n\t\t\t\t<div class=\"elementor-widget-container\">\n\t\t\t<div class=\"elementor-image-box-wrapper\"><figure class=\"elementor-image-box-img\"><img fetchpriority=\"high\" decoding=\"async\" width=\"1177\" height=\"1471\" src=\"https:\/\/josteiner.com\/wp-content\/uploads\/2024\/11\/JO-STEINER-4.png\" class=\"attachment-full size-full wp-image-27\" alt=\"\" srcset=\"https:\/\/josteiner.com\/wp-content\/uploads\/2024\/11\/JO-STEINER-4.png 1177w, https:\/\/josteiner.com\/wp-content\/uploads\/2024\/11\/JO-STEINER-4-240x300.png 240w, https:\/\/josteiner.com\/wp-content\/uploads\/2024\/11\/JO-STEINER-4-819x1024.png 819w, https:\/\/josteiner.com\/wp-content\/uploads\/2024\/11\/JO-STEINER-4-768x960.png 768w\" sizes=\"(max-width: 1177px) 100vw, 1177px\" \/><\/figure><div class=\"elementor-image-box-content\"><h3 class=\"elementor-image-box-title\"><br>En tant que m\u00e9diateur, j'aide les personnes qui vivent ou anticipent un conflit \u00e0 trouver, ensemble, leur solution au diff\u00e9rend qui les oppose.<\/h3><p class=\"elementor-image-box-description\"><br>J\u2019accompagne les personnes dans un processus structur\u00e9, volontaire et coop\u00e9ratif de pr\u00e9vention et de r\u00e9solution amiable des diff\u00e9rends. Ce processus repose sur la responsabilit\u00e9 et l\u2019autonomie des participants. En tant que tiers ind\u00e9pendant, neutre et impartial, je n\u2019exerce ni pouvoir de d\u00e9cision, ni r\u00f4le d\u2019expertise technique ou de conseil. J\u2019agis plut\u00f4t comme facilitateur de communication: je favorise le dialogue et la relation, notamment par des entretiens et rencontres confidentiels. <br><br>Agr\u00e9\u00e9 comme m\u00e9diateur au <A href=\"https:\/\/www.cmap.fr\/\" target=\"_blank\" rel=\"noopener noreferrer\">Centre de M\u00e9diation et Arbitrage de Paris (CMAP)<\/A> et certifi\u00e9 par l\u2019<A href=\"https:\/\/escp.eu\/\" target=\"_blank\" rel=\"noopener noreferrer\">\u00c9cole Sup\u00e9rieure de Commerce de Paris (ESCP Business School)<\/A>, j'adh\u00e8re aux <A href=\"https:\/\/www.cmap.fr\/wp-content\/uploads\/2016\/01\/2015-regles-ethiques-mediateurs-francais.pdf\" target=\"_blank\" rel=\"noopener noreferrer\">R\u00e8gles d'\u00e9thique des m\u00e9diateurs du CMAP<\/A>,  au <A href=\"https:\/\/www.cours-appel.justice.fr\/sites\/default\/files\/2019-04\/code-de-d%C3%A9ontologie-du-m%C3%A9diateur.pdf\" target=\"_blank\" rel=\"noopener noreferrer\">Code national de d\u00e9ontologie du m\u00e9diateur<\/A> et au <A href=\"https:\/\/www.cmap.fr\/wp-content\/uploads\/2016\/01\/code-de-conduite-europeen.pdf\" target=\"_blank\" rel=\"noopener noreferrer\">Code de conduite europ\u00e9en pour les m\u00e9diateurs<\/A>. <\/p><\/div><\/div>\t\t<\/div>\n\t\t\t\t<\/div>\n\t\t\t\t\t<\/div>\n\t\t\t\t<\/div>\n\t\t\t\t<\/div>\n\t\t","protected":false},"excerpt":{"rendered":"<p>En tant que m\u00e9diateur, j&rsquo;aide les personnes qui vivent ou anticipent un conflit \u00e0 trouver, ensemble, leur solution au diff\u00e9rend [&hellip;]<\/p>\n","protected":false},"author":1,"featured_media":0,"parent":0,"menu_order":0,"comment_status":"closed","ping_status":"closed","template":"","meta":{"site-sidebar-layout":"no-sidebar","site-content-layout":"","ast-site-content-layout":"full-width-container","site-content-style":"default","site-sidebar-style":"default","ast-global-header-display":"","ast-banner-title-visibility":"","ast-main-header-display":"","ast-hfb-above-header-display":"","ast-hfb-below-header-display":"","ast-hfb-mobile-header-display":"","site-post-title":"disabled","ast-breadcrumbs-content":"","ast-featured-img":"disabled","footer-sml-layout":"","theme-transparent-header-meta":"","adv-header-id-meta":"","stick-header-meta":"","header-above-stick-meta":"","header-main-stick-meta":"","header-below-stick-meta":"","astra-migrate-meta-layouts":"default","ast-page-background-enabled":"default","ast-page-background-meta":{"desktop":{"background-color":"var(--ast-global-color-4)","background-image":"","background-repeat":"repeat","background-position":"center center","background-size":"auto","background-attachment":"scroll","background-type":"","background-media":"","overlay-type":"","overlay-color":"","overlay-opacity":"","overlay-gradient":""},"tablet":{"background-color":"","background-image":"","background-repeat":"repeat","background-position":"center center","background-size":"auto","background-attachment":"scroll","background-type":"","background-media":"","overlay-type":"","overlay-color":"","overlay-opacity":"","overlay-gradient":""},"mobile":{"background-color":"","background-image":"","background-repeat":"repeat","background-position":"center center","background-size":"auto","background-attachment":"scroll","background-type":"","background-media":"","overlay-type":"","overlay-color":"","overlay-opacity":"","overlay-gradient":""}},"ast-content-background-meta":{"desktop":{"background-color":"var(--ast-global-color-5)","background-image":"","background-repeat":"repeat","background-position":"center center","background-size":"auto","background-attachment":"scroll","background-type":"","background-media":"","overlay-type":"","overlay-color":"","overlay-opacity":"","overlay-gradient":""},"tablet":{"background-color":"var(--ast-global-color-5)","background-image":"","background-repeat":"repeat","background-position":"center center","background-size":"auto","background-attachment":"scroll","background-type":"","background-media":"","overlay-type":"","overlay-color":"","overlay-opacity":"","overlay-gradient":""},"mobile":{"background-color":"var(--ast-global-color-5)","background-image":"","background-repeat":"repeat","background-position":"center center","background-size":"auto","background-attachment":"scroll","background-type":"","background-media":"","overlay-type":"","overlay-color":"","overlay-opacity":"","overlay-gradient":""}},"_themeisle_gutenberg_block_has_review":false,"footnotes":""},"class_list":["post-83","page","type-page","status-publish","hentry"],"_links":{"self":[{"href":"https:\/\/josteiner.com\/fr\/wp-json\/wp\/v2\/pages\/83","targetHints":{"allow":["GET"]}}],"collection":[{"href":"https:\/\/josteiner.com\/fr\/wp-json\/wp\/v2\/pages"}],"about":[{"href":"https:\/\/josteiner.com\/fr\/wp-json\/wp\/v2\/types\/page"}],"author":[{"embeddable":true,"href":"https:\/\/josteiner.com\/fr\/wp-json\/wp\/v2\/users\/1"}],"replies":[{"embeddable":true,"href":"https:\/\/josteiner.com\/fr\/wp-json\/wp\/v2\/comments?post=83"}],"version-history":[{"count":19,"href":"https:\/\/josteiner.com\/fr\/wp-json\/wp\/v2\/pages\/83\/revisions"}],"predecessor-version":[{"id":240,"href":"https:\/\/josteiner.com\/fr\/wp-json\/wp\/v2\/pages\/83\/revisions\/240"}],"wp:attachment":[{"href":"https:\/\/josteiner.com\/fr\/wp-json\/wp\/v2\/media?parent=83"}],"curies":[{"name":"wp","href":"https:\/\/api.w.org\/{rel}","templated":true}]}}